{"id":62,"date":"2025-03-14T13:24:05","date_gmt":"2025-03-14T12:24:05","guid":{"rendered":"https:\/\/tienda.personalshopperchile.cl\/?post_type=product&#038;p=62"},"modified":"2025-03-14T13:59:58","modified_gmt":"2025-03-14T12:59:58","slug":"curso-colorimetria-100-online","status":"publish","type":"product","link":"https:\/\/tienda.personalshopperchile.cl\/index.php\/producto\/curso-colorimetria-100-online\/","title":{"rendered":"Curso Colorimetr\u00eda 100% Online"},"content":{"rendered":"\t\t<div data-elementor-type=\"product-post\" data-elementor-id=\"62\" class=\"elementor elementor-62\" data-elementor-post-type=\"product\">\n\t\t\t\t\t\t<section class=\"elementor-section elementor-top-section elementor-element elementor-element-e38ca42 elementor-section-boxed elementor-section-height-default elementor-section-height-default\" data-id=\"e38ca42\" data-element_type=\"section\">\n\t\t\t\t\t\t<div class=\"elementor-container elementor-column-gap-default\">\n\t\t\t\t\t<div class=\"elementor-column elementor-col-50 elementor-top-column elementor-element elementor-element-f9b10a3\" data-id=\"f9b10a3\" data-element_type=\"column\">\n\t\t\t<div class=\"elementor-widget-wrap elementor-element-populated\">\n\t\t\t\t\t\t<div class=\"elementor-element elementor-element-58f94f31 elementor-invisible elementor-widget elementor-widget-heading\" data-id=\"58f94f31\" data-element_type=\"widget\" data-settings=\"{&quot;_animation&quot;:&quot;fadeInLeft&quot;}\" data-widget_type=\"heading.default\">\n\t\t\t\t<div class=\"elementor-widget-container\">\n\t\t\t\t\t<h3 class=\"elementor-heading-title elementor-size-default\">Curso Colorimetr\u00eda 100% Online<\/h3>\t\t\t\t<\/div>\n\t\t\t\t<\/div>\n\t\t\t\t<div class=\"elementor-element elementor-element-2e458b52 elementor-invisible elementor-widget elementor-widget-image\" data-id=\"2e458b52\" data-element_type=\"widget\" data-settings=\"{&quot;_animation&quot;:&quot;zoomIn&quot;}\" data-widget_type=\"image.default\">\n\t\t\t\t<div class=\"elementor-widget-container\">\n\t\t\t\t\t\t\t\t\t\t\t\t\t\t\t<img fetchpriority=\"high\" decoding=\"async\" width=\"2271\" height=\"2560\" src=\"https:\/\/tienda.personalshopperchile.cl\/wp-content\/uploads\/2025\/03\/manc-scaled-1.jpg\" class=\"attachment-full size-full wp-image-17\" alt=\"\" srcset=\"https:\/\/tienda.personalshopperchile.cl\/wp-content\/uploads\/2025\/03\/manc-scaled-1.jpg 2271w, https:\/\/tienda.personalshopperchile.cl\/wp-content\/uploads\/2025\/03\/manc-scaled-1-600x676.jpg 600w, https:\/\/tienda.personalshopperchile.cl\/wp-content\/uploads\/2025\/03\/manc-scaled-1-266x300.jpg 266w, https:\/\/tienda.personalshopperchile.cl\/wp-content\/uploads\/2025\/03\/manc-scaled-1-908x1024.jpg 908w, https:\/\/tienda.personalshopperchile.cl\/wp-content\/uploads\/2025\/03\/manc-scaled-1-768x866.jpg 768w, https:\/\/tienda.personalshopperchile.cl\/wp-content\/uploads\/2025\/03\/manc-scaled-1-1363x1536.jpg 1363w, https:\/\/tienda.personalshopperchile.cl\/wp-content\/uploads\/2025\/03\/manc-scaled-1-1817x2048.jpg 1817w\" sizes=\"(max-width: 2271px) 100vw, 2271px\" \/>\t\t\t\t\t\t\t\t\t\t\t\t\t\t\t<\/div>\n\t\t\t\t<\/div>\n\t\t\t\t\t<\/div>\n\t\t<\/div>\n\t\t\t\t<div class=\"elementor-column elementor-col-50 elementor-top-column elementor-element elementor-element-6557214d\" data-id=\"6557214d\" data-element_type=\"column\">\n\t\t\t<div class=\"elementor-widget-wrap elementor-element-populated\">\n\t\t\t\t\t\t<section class=\"elementor-section elementor-inner-section elementor-element elementor-element-4cd76120 elementor-section-content-middle elementor-section-boxed elementor-section-height-default elementor-section-height-default elementor-invisible\" data-id=\"4cd76120\" data-element_type=\"section\" data-settings=\"{&quot;background_background&quot;:&quot;classic&quot;,&quot;animation&quot;:&quot;zoomIn&quot;}\">\n\t\t\t\t\t\t<div class=\"elementor-container elementor-column-gap-default\">\n\t\t\t\t\t<div class=\"elementor-column elementor-col-100 elementor-inner-column elementor-element elementor-element-5a33f0bd\" data-id=\"5a33f0bd\" data-element_type=\"column\">\n\t\t\t<div class=\"elementor-widget-wrap elementor-element-populated\">\n\t\t\t\t\t\t<div class=\"elementor-element elementor-element-2088adf5 elementor-widget elementor-widget-text-editor\" data-id=\"2088adf5\" data-element_type=\"widget\" data-widget_type=\"text-editor.default\">\n\t\t\t\t<div class=\"elementor-widget-container\">\n\t\t\t\t\t\t\t\t\t<p><strong>Modalidad:<\/strong> 100% autoaprendizaje online (sin clases).<\/p><p><strong>Duraci\u00f3n:<\/strong> 2 meses para terminar el curso desde el momento de la compra.<\/p><p><strong>Valor del curso:<\/strong> $49.990<\/p>\t\t\t\t\t\t\t\t<\/div>\n\t\t\t\t<\/div>\n\t\t\t\t\t<\/div>\n\t\t<\/div>\n\t\t\t\t\t<\/div>\n\t\t<\/section>\n\t\t\t\t<div class=\"elementor-element elementor-element-4d69df77 elementor-add-to-cart--align-justify elementor-invisible elementor-widget elementor-widget-wc-add-to-cart\" data-id=\"4d69df77\" data-element_type=\"widget\" data-settings=\"{&quot;_animation&quot;:&quot;zoomIn&quot;}\" data-widget_type=\"wc-add-to-cart.default\">\n\t\t\t\t<div class=\"elementor-widget-container\">\n\t\t\t\t\t\t\t\t\t<div class=\"elementor-button-wrapper\">\n\t\t\t\t\t<a rel=\"nofollow\" href=\"https:\/\/tienda.personalshopperchile.cl\/index.php\/producto\/curso-colorimetria-100-online\/?add-to-cart=62\" data-quantity=\"1\" data-product_id=\"62\" class=\"product_type_simple add_to_cart_button ajax_add_to_cart elementor-button elementor-size-sm\" role=\"button\">\n\t\t\t\t\t\t<span class=\"elementor-button-content-wrapper\">\n\t\t\t\t\t\t\t\t\t<span class=\"elementor-button-text\">Comprar curso<\/span>\n\t\t\t\t\t<\/span>\n\t\t\t\t\t<\/a>\n\t\t\t\t<\/div>\n\t\t\t\t\t\t\t\t<\/div>\n\t\t\t\t<\/div>\n\t\t\t\t\t<\/div>\n\t\t<\/div>\n\t\t\t\t\t<\/div>\n\t\t<\/section>\n\t\t\t\t<section class=\"elementor-section elementor-top-section elementor-element elementor-element-58aec5af elementor-section-boxed elementor-section-height-default elementor-section-height-default elementor-invisible\" data-id=\"58aec5af\" data-element_type=\"section\" data-settings=\"{&quot;animation&quot;:&quot;fadeInLeft&quot;}\">\n\t\t\t\t\t\t<div class=\"elementor-container elementor-column-gap-default\">\n\t\t\t\t\t<div class=\"elementor-column elementor-col-100 elementor-top-column elementor-element elementor-element-33ce11e2\" data-id=\"33ce11e2\" data-element_type=\"column\">\n\t\t\t<div class=\"elementor-widget-wrap elementor-element-populated\">\n\t\t\t\t\t\t<div class=\"elementor-element elementor-element-663a300d elementor-widget elementor-widget-heading\" data-id=\"663a300d\" data-element_type=\"widget\" data-widget_type=\"heading.default\">\n\t\t\t\t<div class=\"elementor-widget-container\">\n\t\t\t\t\t<h4 class=\"elementor-heading-title elementor-size-default\">Descripci\u00f3n del curso<\/h4>\t\t\t\t<\/div>\n\t\t\t\t<\/div>\n\t\t\t\t<div class=\"elementor-element elementor-element-69e21817 elementor-widget elementor-widget-text-editor\" data-id=\"69e21817\" data-element_type=\"widget\" data-widget_type=\"text-editor.default\">\n\t\t\t\t<div class=\"elementor-widget-container\">\n\t\t\t\t\t\t\t\t\t<p>\u2022 Conocer de manera profunda la historia del color y la forma en que se relaciona con la asesor\u00eda de imagen.<br \/>\u2022 Identificar los colores primarios, secundarios y terciarios para comprender la base del uso y mezclas de la formaci\u00f3n del color.<br \/>\u2022 Aplicar la combinaci\u00f3n de colores correctas en cada persona.<br \/>Identificar la coloraci\u00f3n personal a trav\u00e9s del uso de telas c\u00e1lidas y fr\u00edas. Identificar la tonalidad, intensidad y la paleta de color ideal para cada persona, dependiendo de su tipolog\u00eda y necesidades espec\u00edficas.<\/p>\t\t\t\t\t\t\t\t<\/div>\n\t\t\t\t<\/div>\n\t\t\t\t\t<\/div>\n\t\t<\/div>\n\t\t\t\t\t<\/div>\n\t\t<\/section>\n\t\t\t\t<section class=\"elementor-section elementor-top-section elementor-element elementor-element-2ec1d0b0 elementor-section-boxed elementor-section-height-default elementor-section-height-default elementor-invisible\" data-id=\"2ec1d0b0\" data-element_type=\"section\" data-settings=\"{&quot;animation&quot;:&quot;fadeInLeft&quot;}\">\n\t\t\t\t\t\t<div class=\"elementor-container elementor-column-gap-default\">\n\t\t\t\t\t<div class=\"elementor-column elementor-col-100 elementor-top-column elementor-element elementor-element-733961ae\" data-id=\"733961ae\" data-element_type=\"column\">\n\t\t\t<div class=\"elementor-widget-wrap elementor-element-populated\">\n\t\t\t\t\t\t<div class=\"elementor-element elementor-element-1226e297 elementor-widget elementor-widget-heading\" data-id=\"1226e297\" data-element_type=\"widget\" data-widget_type=\"heading.default\">\n\t\t\t\t<div class=\"elementor-widget-container\">\n\t\t\t\t\t<h4 class=\"elementor-heading-title elementor-size-default\">Contenidos del curso<\/h4>\t\t\t\t<\/div>\n\t\t\t\t<\/div>\n\t\t\t\t<section class=\"elementor-section elementor-inner-section elementor-element elementor-element-385f36a elementor-section-boxed elementor-section-height-default elementor-section-height-default\" data-id=\"385f36a\" data-element_type=\"section\">\n\t\t\t\t\t\t<div class=\"elementor-container elementor-column-gap-default\">\n\t\t\t\t\t<div class=\"elementor-column elementor-col-50 elementor-inner-column elementor-element elementor-element-65c5e559\" data-id=\"65c5e559\" data-element_type=\"column\" data-settings=\"{&quot;background_background&quot;:&quot;classic&quot;}\">\n\t\t\t<div class=\"elementor-widget-wrap elementor-element-populated\">\n\t\t\t\t\t\t<div class=\"elementor-element elementor-element-970daa5 elementor-widget elementor-widget-heading\" data-id=\"970daa5\" data-element_type=\"widget\" data-widget_type=\"heading.default\">\n\t\t\t\t<div class=\"elementor-widget-container\">\n\t\t\t\t\t<h4 class=\"elementor-heading-title elementor-size-default\">M\u00f3dulo 1<\/h4>\t\t\t\t<\/div>\n\t\t\t\t<\/div>\n\t\t\t\t<div class=\"elementor-element elementor-element-4dbbc893 elementor-widget elementor-widget-text-editor\" data-id=\"4dbbc893\" data-element_type=\"widget\" data-widget_type=\"text-editor.default\">\n\t\t\t\t<div class=\"elementor-widget-container\">\n\t\t\t\t\t\t\t\t\t<ul><li>C\u00f3digos de la imagen<\/li><li>Teor\u00eda del color<\/li><li>Combinatoria<\/li><\/ul>\t\t\t\t\t\t\t\t<\/div>\n\t\t\t\t<\/div>\n\t\t\t\t\t<\/div>\n\t\t<\/div>\n\t\t\t\t<div class=\"elementor-column elementor-col-50 elementor-inner-column elementor-element elementor-element-456d6c84\" data-id=\"456d6c84\" data-element_type=\"column\" data-settings=\"{&quot;background_background&quot;:&quot;classic&quot;}\">\n\t\t\t<div class=\"elementor-widget-wrap elementor-element-populated\">\n\t\t\t\t\t\t<div class=\"elementor-element elementor-element-20149705 elementor-widget elementor-widget-heading\" data-id=\"20149705\" data-element_type=\"widget\" data-widget_type=\"heading.default\">\n\t\t\t\t<div class=\"elementor-widget-container\">\n\t\t\t\t\t<h4 class=\"elementor-heading-title elementor-size-default\">M\u00f3dulo 2<\/h4>\t\t\t\t<\/div>\n\t\t\t\t<\/div>\n\t\t\t\t<div class=\"elementor-element elementor-element-373ed7b8 elementor-widget elementor-widget-text-editor\" data-id=\"373ed7b8\" data-element_type=\"widget\" data-widget_type=\"text-editor.default\">\n\t\t\t\t<div class=\"elementor-widget-container\">\n\t\t\t\t\t\t\t\t\t<ul><li>El color de las personas<\/li><li>Tipos de piel<\/li><li>Pasos y test<\/li><\/ul>\t\t\t\t\t\t\t\t<\/div>\n\t\t\t\t<\/div>\n\t\t\t\t\t<\/div>\n\t\t<\/div>\n\t\t\t\t\t<\/div>\n\t\t<\/section>\n\t\t\t\t<section class=\"elementor-section elementor-inner-section elementor-element elementor-element-2f535a0e elementor-section-boxed elementor-section-height-default elementor-section-height-default\" data-id=\"2f535a0e\" data-element_type=\"section\">\n\t\t\t\t\t\t<div class=\"elementor-container elementor-column-gap-default\">\n\t\t\t\t\t<div class=\"elementor-column elementor-col-50 elementor-inner-column elementor-element elementor-element-5bddc474\" data-id=\"5bddc474\" data-element_type=\"column\" data-settings=\"{&quot;background_background&quot;:&quot;classic&quot;}\">\n\t\t\t<div class=\"elementor-widget-wrap elementor-element-populated\">\n\t\t\t\t\t\t<div class=\"elementor-element elementor-element-173ee6c0 elementor-widget elementor-widget-heading\" data-id=\"173ee6c0\" data-element_type=\"widget\" data-widget_type=\"heading.default\">\n\t\t\t\t<div class=\"elementor-widget-container\">\n\t\t\t\t\t<h4 class=\"elementor-heading-title elementor-size-default\">M\u00f3dulo 3<\/h4>\t\t\t\t<\/div>\n\t\t\t\t<\/div>\n\t\t\t\t<div class=\"elementor-element elementor-element-6139348b elementor-widget elementor-widget-text-editor\" data-id=\"6139348b\" data-element_type=\"widget\" data-widget_type=\"text-editor.default\">\n\t\t\t\t<div class=\"elementor-widget-container\">\n\t\t\t\t\t\t\t\t\t<ul><li>Teor\u00eda estacional<\/li><li>4 estaciones<\/li><\/ul>\t\t\t\t\t\t\t\t<\/div>\n\t\t\t\t<\/div>\n\t\t\t\t\t<\/div>\n\t\t<\/div>\n\t\t\t\t<div class=\"elementor-column elementor-col-50 elementor-inner-column elementor-element elementor-element-6316545b\" data-id=\"6316545b\" data-element_type=\"column\" data-settings=\"{&quot;background_background&quot;:&quot;classic&quot;}\">\n\t\t\t<div class=\"elementor-widget-wrap elementor-element-populated\">\n\t\t\t\t\t\t<div class=\"elementor-element elementor-element-76fae60e elementor-widget elementor-widget-heading\" data-id=\"76fae60e\" data-element_type=\"widget\" data-widget_type=\"heading.default\">\n\t\t\t\t<div class=\"elementor-widget-container\">\n\t\t\t\t\t<h4 class=\"elementor-heading-title elementor-size-default\">M\u00f3dulo 4<\/h4>\t\t\t\t<\/div>\n\t\t\t\t<\/div>\n\t\t\t\t<div class=\"elementor-element elementor-element-5689fad7 elementor-widget elementor-widget-text-editor\" data-id=\"5689fad7\" data-element_type=\"widget\" data-widget_type=\"text-editor.default\">\n\t\t\t\t<div class=\"elementor-widget-container\">\n\t\t\t\t\t\t\t\t\t<ul><li>Psicolog\u00eda del color<\/li><li>Profesiones<\/li><\/ul>\t\t\t\t\t\t\t\t<\/div>\n\t\t\t\t<\/div>\n\t\t\t\t\t<\/div>\n\t\t<\/div>\n\t\t\t\t\t<\/div>\n\t\t<\/section>\n\t\t\t\t\t<\/div>\n\t\t<\/div>\n\t\t\t\t\t<\/div>\n\t\t<\/section>\n\t\t\t\t<section class=\"elementor-section elementor-top-section elementor-element elementor-element-6b51c352 elementor-section-boxed elementor-section-height-default elementor-section-height-default elementor-invisible\" data-id=\"6b51c352\" data-element_type=\"section\" data-settings=\"{&quot;animation&quot;:&quot;fadeInLeft&quot;}\">\n\t\t\t\t\t\t<div class=\"elementor-container elementor-column-gap-default\">\n\t\t\t\t\t<div class=\"elementor-column elementor-col-100 elementor-top-column elementor-element elementor-element-79895504\" data-id=\"79895504\" data-element_type=\"column\">\n\t\t\t<div class=\"elementor-widget-wrap elementor-element-populated\">\n\t\t\t\t\t\t<div class=\"elementor-element elementor-element-79752217 elementor-widget elementor-widget-heading\" data-id=\"79752217\" data-element_type=\"widget\" data-widget_type=\"heading.default\">\n\t\t\t\t<div class=\"elementor-widget-container\">\n\t\t\t\t\t<h4 class=\"elementor-heading-title elementor-size-default\">Aprendizajes esperados<\/h4>\t\t\t\t<\/div>\n\t\t\t\t<\/div>\n\t\t\t\t<div class=\"elementor-element elementor-element-742a52b2 elementor-widget elementor-widget-text-editor\" data-id=\"742a52b2\" data-element_type=\"widget\" data-widget_type=\"text-editor.default\">\n\t\t\t\t<div class=\"elementor-widget-container\">\n\t\t\t\t\t\t\t\t\t<p>\u2022 Los estudiantes ser\u00e1n capaces de conocer la teor\u00eda del color y sus cambios a trav\u00e9s de la historia.<br \/>\u2022 Los estudiantes aplicar\u00e1n el uso de los colores primarios, secundarios y terciarios para lograr combinaciones correctas.<br \/>\u2022 Los estudiantes ser\u00e1n capaces de realizar test de colorimetr\u00eda potenciando la imagen de las personas desde su paleta de color ideal, hasta el armado de outfits para potenciar la imagen personal de sus clientes.<\/p>\t\t\t\t\t\t\t\t<\/div>\n\t\t\t\t<\/div>\n\t\t\t\t\t<\/div>\n\t\t<\/div>\n\t\t\t\t\t<\/div>\n\t\t<\/section>\n\t\t\t\t<\/div>\n\t\t","protected":false},"excerpt":{"rendered":"<p>Modalidad: 100% autoaprendizaje online (sin clases). Duraci\u00f3n: 2 meses para terminar el curso desde el momento de la compra. Valor del curso: $49.990 Comprar curso Descripci\u00f3n del curso \u2022 Conocer de manera profunda la historia del color y la forma en que se relaciona con la asesor\u00eda de imagen.\u2022 Identificar los colores primarios, secundarios y [&hellip;]<\/p>\n","protected":false},"featured_media":17,"comment_status":"open","ping_status":"closed","template":"elementor_header_footer","meta":[],"product_brand":[],"product_cat":[15],"product_tag":[],"class_list":{"0":"post-62","1":"product","2":"type-product","3":"status-publish","4":"has-post-thumbnail","6":"product_cat-sin-categorizar","8":"first","9":"instock","10":"downloadable","11":"virtual","12":"purchasable","13":"product-type-simple"},"_links":{"self":[{"href":"https:\/\/tienda.personalshopperchile.cl\/index.php\/wp-json\/wp\/v2\/product\/62","targetHints":{"allow":["GET"]}}],"collection":[{"href":"https:\/\/tienda.personalshopperchile.cl\/index.php\/wp-json\/wp\/v2\/product"}],"about":[{"href":"https:\/\/tienda.personalshopperchile.cl\/index.php\/wp-json\/wp\/v2\/types\/product"}],"replies":[{"embeddable":true,"href":"https:\/\/tienda.personalshopperchile.cl\/index.php\/wp-json\/wp\/v2\/comments?post=62"}],"version-history":[{"count":4,"href":"https:\/\/tienda.personalshopperchile.cl\/index.php\/wp-json\/wp\/v2\/product\/62\/revisions"}],"predecessor-version":[{"id":93,"href":"https:\/\/tienda.personalshopperchile.cl\/index.php\/wp-json\/wp\/v2\/product\/62\/revisions\/93"}],"wp:featuredmedia":[{"embeddable":true,"href":"https:\/\/tienda.personalshopperchile.cl\/index.php\/wp-json\/wp\/v2\/media\/17"}],"wp:attachment":[{"href":"https:\/\/tienda.personalshopperchile.cl\/index.php\/wp-json\/wp\/v2\/media?parent=62"}],"wp:term":[{"taxonomy":"product_brand","embeddable":true,"href":"https:\/\/tienda.personalshopperchile.cl\/index.php\/wp-json\/wp\/v2\/product_brand?post=62"},{"taxonomy":"product_cat","embeddable":true,"href":"https:\/\/tienda.personalshopperchile.cl\/index.php\/wp-json\/wp\/v2\/product_cat?post=62"},{"taxonomy":"product_tag","embeddable":true,"href":"https:\/\/tienda.personalshopperchile.cl\/index.php\/wp-json\/wp\/v2\/product_tag?post=62"}],"curies":[{"name":"wp","href":"https:\/\/api.w.org\/{rel}","templated":true}]}}